

{"id":12,"date":"2021-08-06T10:00:55","date_gmt":"2021-08-06T08:00:55","guid":{"rendered":"http:\/\/mobile-new.nextapps.pl\/?page_id=12"},"modified":"2022-03-11T11:50:11","modified_gmt":"2022-03-11T10:50:11","slug":"sekcja-nr-1","status":"publish","type":"page","link":"https:\/\/yourapp.mobi\/pl\/","title":{"rendered":"We are the Nextapps. Every day we build fintech mobile apps for you."},"content":{"rendered":"<h1>Tworzymy \u015bwietne aplikacje mobilne!<\/h1>\n<ul>\n<li>przygotujemy projekt,<\/li>\n<li>zadbamy o prawid\u0142ow\u0105 integracj\u0119,<\/li>\n<li><span style=\"font-weight: 400;\">dopasujemy do Twoich potrzeb,<\/span><\/li>\n<li>zapewnimy wsparcie,<\/li>\n<li><span style=\"font-weight: 400;\">poprawimy UX.<\/span><\/li>\n<\/ul>\n<h3>Wci\u0105\u017c si\u0119 wahasz? Pierwsze bezp\u0142atne spotkanie rozwieje Twoje w\u0105tpliwo\u015bci.<\/h3>\n<p><span><br \/><\/span>\n<div class=\"wpcf7 no-js\" id=\"wpcf7-f446-o1\" lang=\"en-US\" dir=\"ltr\" data-wpcf7-id=\"446\">\n<div class=\"screen-reader-response\"><p role=\"status\" aria-live=\"polite\" aria-atomic=\"true\"><\/p> <ul><\/ul><\/div>\n<form action=\"\/pl\/wp-json\/wp\/v2\/pages\/12#wpcf7-f446-o1\" method=\"post\" class=\"wpcf7-form init\" aria-label=\"Contact form\" novalidate=\"novalidate\" data-status=\"init\">\n<fieldset class=\"hidden-fields-container\"><input type=\"hidden\" name=\"_wpcf7\" value=\"446\" \/><input type=\"hidden\" name=\"_wpcf7_version\" value=\"6.1.5\" \/><input type=\"hidden\" name=\"_wpcf7_locale\" value=\"en_US\" \/><input type=\"hidden\" name=\"_wpcf7_unit_tag\" value=\"wpcf7-f446-o1\" \/><input type=\"hidden\" name=\"_wpcf7_container_post\" value=\"0\" \/><input type=\"hidden\" name=\"_wpcf7_posted_data_hash\" value=\"\" \/><input type=\"hidden\" name=\"_wpcf7_recaptcha_response\" value=\"\" \/>\n<\/fieldset>\n<p><span class=\"wpcf7-form-control-wrap\" data-name=\"tel-77\"><input size=\"40\" maxlength=\"400\" class=\"wpcf7-form-control wpcf7-tel wpcf7-text wpcf7-validates-as-tel\" aria-invalid=\"false\" placeholder=\"Telefon\" value=\"\" type=\"tel\" name=\"tel-77\" \/><\/span><br \/>\n<span class=\"wpcf7-form-control-wrap\" data-name=\"your-email\"><input size=\"40\" maxlength=\"400\" class=\"wpcf7-form-control wpcf7-email wpcf7-validates-as-required wpcf7-text wpcf7-validates-as-email\" aria-required=\"true\" aria-invalid=\"false\" placeholder=\"Email\" value=\"\" type=\"email\" name=\"your-email\" \/><\/span><br \/>\n<span class=\"wpcf7-form-control-wrap\" data-name=\"menu-819\"><select class=\"wpcf7-form-control wpcf7-select wpcf7-validates-as-required\" aria-required=\"true\" aria-invalid=\"false\" name=\"menu-819\"><option value=\"\">Jaki jest Tw\u00f3j bud\u017cet?<\/option><option value=\"Less than \u20ac25,000\">Less than \u20ac25,000<\/option><option value=\"\u20ac25,000 - \u20ac49,999\">\u20ac25,000 - \u20ac49,999<\/option><option value=\"\u20ac50,000 - \u20ac99,999\">\u20ac50,000 - \u20ac99,999<\/option><option value=\"\u20ac100,000 - \u20ac149,999\">\u20ac100,000 - \u20ac149,999<\/option><option value=\"\u20ac150,000 lub wi\u0119cej\">\u20ac150,000 lub wi\u0119cej<\/option><option value=\"Nie chc\u0119 podawa\u0107\">Nie chc\u0119 podawa\u0107<\/option><\/select><\/span><br \/>\n<input class=\"wpcf7-form-control wpcf7-submit has-spinner\" type=\"submit\" value=\"Rezerwuj termin darmowej konsultacji\" \/>\n<\/p><input type='hidden' class='wpcf7-pum' value='{\"closepopup\":false,\"closedelay\":0,\"openpopup\":false,\"openpopup_id\":0}' \/><div class=\"wpcf7-response-output\" aria-hidden=\"true\"><\/div>\n<\/form>\n<\/div>\n<\/p>\n","protected":false},"excerpt":{"rendered":"<p>Tworzymy \u015bwietne aplikacje mobilne! przygotujemy projekt, zadbamy o prawid\u0142ow\u0105 integracj\u0119, dopasujemy do Twoich potrzeb, zapewnimy wsparcie, poprawimy UX. Wci\u0105\u017c si\u0119 wahasz? Pierwsze bezp\u0142atne spotkanie rozwieje Twoje w\u0105tpliwo\u015bci.<\/p>\n","protected":false},"author":1,"featured_media":0,"parent":0,"menu_order":0,"comment_status":"closed","ping_status":"closed","template":"home.php","meta":{"footnotes":""},"class_list":["post-12","page","type-page","status-publish","hentry"],"translation":{"provider":"WPGlobus","version":"2.8.11","language":"pl","enabled_languages":["en","pl"],"languages":{"en":{"title":true,"content":true,"excerpt":false},"pl":{"title":true,"content":true,"excerpt":false}}},"acf":[],"yoast_head":"<!-- This site is optimized with the Yoast SEO plugin v18.9 - https:\/\/yoast.com\/wordpress\/plugins\/seo\/ -->\n<title>Nextapps &ndash; Jeste\u015bmy Nextapps. Codziennie tworzymy dla Ciebie aplikacje mobilne z dziedziny fintech.<\/title>\n<meta name=\"description\" content=\"Spe\u0142nimy Twoje marzenie o aplikacji mobilnej zar\u00f3wno na Androida, jak i iOS. Otrzymasz nasze pe\u0142ne wsparcie. Pomo\u017cemy Ci zrealizowa\u0107 Twoje cele biznesowe. I wreszcie, zapewnimy najlepsze do\u015bwiadczenia dla Twoich klient\u00f3w.\" \/>\n<meta name=\"robots\" content=\"noindex, follow, max-snippet:-1, max-image-preview:large, max-video-preview:-1\" \/>\n<meta property=\"og:locale\" content=\"pl_PL\" \/>\n<meta property=\"og:type\" content=\"article\" \/>\n<meta property=\"og:title\" content=\"Nextapps &ndash; Jeste\u015bmy Nextapps. Codziennie tworzymy dla Ciebie aplikacje mobilne z dziedziny fintech.\" \/>\n<meta property=\"og:description\" content=\"Spe\u0142nimy Twoje marzenie o aplikacji mobilnej zar\u00f3wno na Androida, jak i iOS. Otrzymasz nasze pe\u0142ne wsparcie. Pomo\u017cemy Ci zrealizowa\u0107 Twoje cele biznesowe. I wreszcie, zapewnimy najlepsze do\u015bwiadczenia dla Twoich klient\u00f3w.\" \/>\n<meta property=\"og:url\" content=\"https:\/\/yourapp.mobi\/\" \/>\n<meta property=\"og:site_name\" content=\"Nextapps\" \/>\n<meta property=\"article:modified_time\" content=\"2022-03-11T10:50:11+00:00\" \/>\n<meta name=\"twitter:card\" content=\"summary_large_image\" \/>\n<meta name=\"twitter:label1\" content=\"Est. reading time\" \/>\n\t<meta name=\"twitter:data1\" content=\"1 minuta\" \/>\n<script type=\"application\/ld+json\" class=\"yoast-schema-graph\">{\"@context\":\"https:\/\/schema.org\",\"@graph\":[{\"@type\":\"Organization\",\"@id\":\"https:\/\/yourapp.mobi\/#organization\",\"name\":\"Nextapps\",\"url\":\"https:\/\/yourapp.mobi\/\",\"sameAs\":[],\"logo\":{\"@type\":\"ImageObject\",\"inLanguage\":\"pl-PL\",\"@id\":\"https:\/\/yourapp.mobi\/#\/schema\/logo\/image\/\",\"url\":\"https:\/\/mobile-new.nextapps.pl\/wp-content\/uploads\/2021\/09\/favicon.png\",\"contentUrl\":\"https:\/\/mobile-new.nextapps.pl\/wp-content\/uploads\/2021\/09\/favicon.png\",\"width\":60,\"height\":60,\"caption\":\"Nextapps\"},\"image\":{\"@id\":\"https:\/\/yourapp.mobi\/#\/schema\/logo\/image\/\"}},{\"@type\":\"WebSite\",\"@id\":\"https:\/\/yourapp.mobi\/#website\",\"url\":\"https:\/\/yourapp.mobi\/\",\"name\":\"Nextapps\",\"description\":\"Projektowanie aplikacji mobilnych FinTech. Aplikacje finansowe.\",\"publisher\":{\"@id\":\"https:\/\/yourapp.mobi\/#organization\"},\"potentialAction\":[{\"@type\":\"SearchAction\",\"target\":{\"@type\":\"EntryPoint\",\"urlTemplate\":\"https:\/\/yourapp.mobi\/?s={search_term_string}\"},\"query-input\":\"required name=search_term_string\"}],\"inLanguage\":\"pl-PL\"},{\"@type\":\"WebPage\",\"@id\":\"https:\/\/yourapp.mobi\/#webpage\",\"url\":\"https:\/\/yourapp.mobi\/\",\"name\":\"Nextapps &ndash; We are the Nextapps. Every day we build fintech mobile apps for you.\",\"isPartOf\":{\"@id\":\"https:\/\/yourapp.mobi\/#website\"},\"datePublished\":\"2021-08-06T08:00:55+00:00\",\"dateModified\":\"2022-03-11T10:50:11+00:00\",\"description\":\"Spe\u0142nimy Twoje marzenie o aplikacji mobilnej zar\u00f3wno na Androida, jak i iOS. Otrzymasz nasze pe\u0142ne wsparcie. Pomo\u017cemy Ci zrealizowa\u0107 Twoje cele biznesowe. I wreszcie, zapewnimy najlepsze do\u015bwiadczenia dla Twoich klient\u00f3w.\",\"breadcrumb\":{\"@id\":\"https:\/\/yourapp.mobi\/#breadcrumb\"},\"inLanguage\":\"pl-PL\",\"potentialAction\":[{\"@type\":\"ReadAction\",\"target\":[\"https:\/\/yourapp.mobi\/\"]}]},{\"@type\":\"BreadcrumbList\",\"@id\":\"https:\/\/yourapp.mobi\/#breadcrumb\",\"itemListElement\":[{\"@type\":\"ListItem\",\"position\":1,\"name\":\"Strona g\u0142\u00f3wna\",\"item\":\"https:\/\/yourapp.mobi\/\"},{\"@type\":\"ListItem\",\"position\":2,\"name\":\"We are the Nextapps. Every day we build fintech mobile apps for you.\"}]}]}<\/script>\n<!-- \/ Yoast SEO plugin. -->","yoast_head_json":{"title":"Nextapps &ndash; Jeste\u015bmy Nextapps. Codziennie tworzymy dla Ciebie aplikacje mobilne z dziedziny fintech.","description":"Spe\u0142nimy Twoje marzenie o aplikacji mobilnej zar\u00f3wno na Androida, jak i iOS. Otrzymasz nasze pe\u0142ne wsparcie. Pomo\u017cemy Ci zrealizowa\u0107 Twoje cele biznesowe. I wreszcie, zapewnimy najlepsze do\u015bwiadczenia dla Twoich klient\u00f3w.","robots":{"index":"noindex","follow":"follow","max-snippet":"max-snippet:-1","max-image-preview":"max-image-preview:large","max-video-preview":"max-video-preview:-1"},"og_locale":"pl_PL","og_type":"article","og_title":"Nextapps &ndash; Jeste\u015bmy Nextapps. Codziennie tworzymy dla Ciebie aplikacje mobilne z dziedziny fintech.","og_description":"Spe\u0142nimy Twoje marzenie o aplikacji mobilnej zar\u00f3wno na Androida, jak i iOS. Otrzymasz nasze pe\u0142ne wsparcie. Pomo\u017cemy Ci zrealizowa\u0107 Twoje cele biznesowe. I wreszcie, zapewnimy najlepsze do\u015bwiadczenia dla Twoich klient\u00f3w.","og_url":"https:\/\/yourapp.mobi\/","og_site_name":"Nextapps","article_modified_time":"2022-03-11T10:50:11+00:00","twitter_card":"summary_large_image","twitter_misc":{"Est. reading time":"1 minuta"},"schema":{"@context":"https:\/\/schema.org","@graph":[{"@type":"Organization","@id":"https:\/\/yourapp.mobi\/#organization","name":"Nextapps","url":"https:\/\/yourapp.mobi\/","sameAs":[],"logo":{"@type":"ImageObject","inLanguage":"pl-PL","@id":"https:\/\/yourapp.mobi\/#\/schema\/logo\/image\/","url":"https:\/\/mobile-new.nextapps.pl\/wp-content\/uploads\/2021\/09\/favicon.png","contentUrl":"https:\/\/mobile-new.nextapps.pl\/wp-content\/uploads\/2021\/09\/favicon.png","width":60,"height":60,"caption":"Nextapps"},"image":{"@id":"https:\/\/yourapp.mobi\/#\/schema\/logo\/image\/"}},{"@type":"WebSite","@id":"https:\/\/yourapp.mobi\/#website","url":"https:\/\/yourapp.mobi\/","name":"Nextapps","description":"Projektowanie aplikacji mobilnych FinTech. Aplikacje finansowe.","publisher":{"@id":"https:\/\/yourapp.mobi\/#organization"},"potentialAction":[{"@type":"SearchAction","target":{"@type":"EntryPoint","urlTemplate":"https:\/\/yourapp.mobi\/?s={search_term_string}"},"query-input":"required name=search_term_string"}],"inLanguage":"pl-PL"},{"@type":"WebPage","@id":"https:\/\/yourapp.mobi\/#webpage","url":"https:\/\/yourapp.mobi\/","name":"Nextapps &ndash; We are the Nextapps. Every day we build fintech mobile apps for you.","isPartOf":{"@id":"https:\/\/yourapp.mobi\/#website"},"datePublished":"2021-08-06T08:00:55+00:00","dateModified":"2022-03-11T10:50:11+00:00","description":"Spe\u0142nimy Twoje marzenie o aplikacji mobilnej zar\u00f3wno na Androida, jak i iOS. Otrzymasz nasze pe\u0142ne wsparcie. Pomo\u017cemy Ci zrealizowa\u0107 Twoje cele biznesowe. I wreszcie, zapewnimy najlepsze do\u015bwiadczenia dla Twoich klient\u00f3w.","breadcrumb":{"@id":"https:\/\/yourapp.mobi\/#breadcrumb"},"inLanguage":"pl-PL","potentialAction":[{"@type":"ReadAction","target":["https:\/\/yourapp.mobi\/"]}]},{"@type":"BreadcrumbList","@id":"https:\/\/yourapp.mobi\/#breadcrumb","itemListElement":[{"@type":"ListItem","position":1,"name":"Strona g\u0142\u00f3wna","item":"https:\/\/yourapp.mobi\/"},{"@type":"ListItem","position":2,"name":"We are the Nextapps. Every day we build fintech mobile apps for you."}]}]}},"_links":{"self":[{"href":"https:\/\/yourapp.mobi\/pl\/wp-json\/wp\/v2\/pages\/12","targetHints":{"allow":["GET"]}}],"collection":[{"href":"https:\/\/yourapp.mobi\/pl\/wp-json\/wp\/v2\/pages"}],"about":[{"href":"https:\/\/yourapp.mobi\/pl\/wp-json\/wp\/v2\/types\/page"}],"author":[{"embeddable":true,"href":"https:\/\/yourapp.mobi\/pl\/wp-json\/wp\/v2\/users\/1"}],"replies":[{"embeddable":true,"href":"https:\/\/yourapp.mobi\/pl\/wp-json\/wp\/v2\/comments?post=12"}],"version-history":[{"count":50,"href":"https:\/\/yourapp.mobi\/pl\/wp-json\/wp\/v2\/pages\/12\/revisions"}],"predecessor-version":[{"id":477,"href":"https:\/\/yourapp.mobi\/pl\/wp-json\/wp\/v2\/pages\/12\/revisions\/477"}],"wp:attachment":[{"href":"https:\/\/yourapp.mobi\/pl\/wp-json\/wp\/v2\/media?parent=12"}],"curies":[{"name":"wp","href":"https:\/\/api.w.org\/{rel}","templated":true}]}}